{"id":18,"date":"2009-09-21T20:19:59","date_gmt":"2009-09-21T20:19:59","guid":{"rendered":"http:\/\/bretelles.wordpress.com\/?page_id=18"},"modified":"2009-09-21T20:19:59","modified_gmt":"2009-09-21T20:19:59","slug":"mon-autre-metier","status":"publish","type":"page","link":"https:\/\/bretelles.ch\/index.php\/mon-autre-metier\/","title":{"rendered":"Mon autre m\u00e9tier"},"content":{"rendered":"<p>Dans une autre vie, je suis journaliste. Finance, \u00e9conomie, mais aussi d\u00e9veloppement durable, jardinage, litt\u00e9rature, bricolage, mes sujets de pr\u00e9dilections sont multiples. Vous en trouverez un petit aper\u00e7u sur le site ci-dessous.<\/p>\n<p>Bonne lecture!<br \/>\n<!-- Suite101 --><\/p>\n<div class=\"widget_wrap\" style=\"width:728px;\">\n<div class=\"widget_logo\">\n<p><a class=\"widget\" style=\"padding-bottom:4px;\" href=\"http:\/\/www.suite101.fr\/writer_articles.cfm\/lelievre\" target=\"_blank\"><br \/>\n<img decoding=\"async\" title=\"Suite101\" src=\"http:\/\/graphics.suite101.com\/logo_widgets_fr.png\" alt=\"Suite101\" \/><br \/>\n<\/a><\/p>\n<\/div>\n<div class=\"widget_text\">Derniers Articles par <a class=\"widget\" href=\"http:\/\/www.suite101.fr\/writer_articles.cfm\/lelievre\" target=\"_blank\">H\u00e9l\u00e8ne Leli\u00e8vre<\/a><\/div>\n<\/div>\n","protected":false},"excerpt":{"rendered":"<p>Dans une autre vie, je suis journaliste. Finance, \u00e9conomie, mais aussi d\u00e9veloppement durable, jardinage, litt\u00e9rature, bricolage, mes sujets de pr\u00e9dilections sont multiples. Vous en trouverez un petit aper\u00e7u sur le site ci-dessous. Bonne lecture! Derniers Articles par H\u00e9l\u00e8ne Leli\u00e8vre<\/p>\n","protected":false},"author":2,"featured_media":0,"parent":0,"menu_order":0,"comment_status":"open","ping_status":"open","template":"","meta":{"footnotes":""},"_links":{"self":[{"href":"https:\/\/bretelles.ch\/index.php\/wp-json\/wp\/v2\/pages\/18"}],"collection":[{"href":"https:\/\/bretelles.ch\/index.php\/wp-json\/wp\/v2\/pages"}],"about":[{"href":"https:\/\/bretelles.ch\/index.php\/wp-json\/wp\/v2\/types\/page"}],"author":[{"embeddable":true,"href":"https:\/\/bretelles.ch\/index.php\/wp-json\/wp\/v2\/users\/2"}],"replies":[{"embeddable":true,"href":"https:\/\/bretelles.ch\/index.php\/wp-json\/wp\/v2\/comments?post=18"}],"version-history":[{"count":0,"href":"https:\/\/bretelles.ch\/index.php\/wp-json\/wp\/v2\/pages\/18\/revisions"}],"wp:attachment":[{"href":"https:\/\/bretelles.ch\/index.php\/wp-json\/wp\/v2\/media?parent=18"}],"curies":[{"name":"wp","href":"https:\/\/api.w.org\/{rel}","templated":true}]}}